{"id":97,"date":"2020-07-18T15:11:27","date_gmt":"2020-07-18T15:11:27","guid":{"rendered":"http:\/\/llardinfantstictac.com?page_id=97"},"modified":"2020-08-30T16:22:35","modified_gmt":"2020-08-30T16:22:35","slug":"los-horarios","status":"publish","type":"page","link":"https:\/\/llardinfantstictac.com\/?page_id=97&lang=es","title":{"rendered":"Los horarios"},"content":{"rendered":"\n<p><\/p>\n\n\n\n<div class=\"wp-block-columns is-layout-flex wp-container-core-columns-layout-1 wp-block-columns-is-layout-flex\">\n<div class=\"wp-block-column is-layout-flow wp-block-column-is-layout-flow\" style=\"flex-basis:66.66%\">\n<p>En nuestra guarder\u00eda tenemos un horario flexible para cubrir las necesidades de todos.<\/p>\n\n\n\n<p><strong><span class=\"has-inline-color has-vivid-red-color\">Dividido en dos turnos:<\/span><\/strong><\/p>\n\n\n\n<p>-EL TURNO DE MA\u00d1ANA: de 07:00 a 18:00 horas.<\/p>\n\n\n\n<p>-EL TURNO DE TARDE: de 12:00 a 21:00 horas * grupo m\u00ednimo de 12 ni\u00f1os.<\/p>\n\n\n\n<p><strong><span class=\"has-inline-color has-vivid-red-color\">C\u00f3mo nos organizamos?<\/span><\/strong><\/p>\n\n\n\n<p>A primera hora de la ma\u00f1ana ofrecemos la acogida de los ni\u00f1os de siete de la ma\u00f1ana a nueve de la ma\u00f1ana. Durante esta franja horaria los ni\u00f1os tambi\u00e9n pueden desayunar en la guarder\u00eda.<\/p>\n\n\n\n<p>A continuaci\u00f3n hacemos las rutinas i actividades diarias programadas en nuestro PEC (proyecto educativo de centro). Acompa\u00f1ado de un rato de diversi\u00f3n en el patio de la TIC-TAC.<\/p>\n\n\n\n<p>Despu\u00e9s del recreo nos relajamos y nos preparamos para comer. Y una vez tenemos la tripa llena nos vamos a descansar un ratito.<\/p>\n\n\n\n<p>Terminado el tiempo de sue\u00f1o, nos preparamos para merendar y a continuaci\u00f3n disfrutamos de un rato de canciones, cuentacuentos y recreo. Coincidiendo con la llegada de las familias que vienen a recoger a sus hijos\/as.<\/p>\n\n\n\n<p><strong><span class=\"has-inline-color has-vivid-red-color\">Otros servicios:<\/span><\/strong><\/p>\n\n\n\n<p>&#8211; Horas sueltas.<\/p>\n\n\n\n<p>&#8211; Matriculaciones por quincenas (recomendable para ni\u00f1os de 4 meses).<\/p>\n\n\n\n<p>&#8211; Talleres para los s\u00e1bados: de nueve de la ma\u00f1ana a una del mediod\u00eda. <strong>* grupo m\u00ednimo de 12 ni\u00f1os.<\/strong><\/p>\n\n\n\n<p>&#8211; Extraescolares: de seis a siete de la tarde. <strong>* grupo m\u00ednimo de 12 ni\u00f1os.<\/strong><\/p>\n<\/div>\n\n\n\n<div class=\"wp-block-column is-layout-flow wp-block-column-is-layout-flow\" style=\"flex-basis:33.33%\">\n<div class=\"wp-block-image\"><figure class=\"alignright size-large\"><img loading=\"lazy\" decoding=\"async\" width=\"500\" height=\"1024\" src=\"https:\/\/llardinfantstictac.comwp-content\/uploads\/2020\/08\/logo-TIC-TAC-500x1024.png\" alt=\"\" class=\"wp-image-516\" srcset=\"https:\/\/llardinfantstictac.com\/wp-content\/uploads\/2020\/08\/logo-TIC-TAC-500x1023.png 500w, https:\/\/llardinfantstictac.com\/wp-content\/uploads\/2020\/08\/logo-TIC-TAC-147x300.png 147w, https:\/\/llardinfantstictac.com\/wp-content\/uploads\/2020\/08\/logo-TIC-TAC-768x1571.png 768w, https:\/\/llardinfantstictac.com\/wp-content\/uploads\/2020\/08\/logo-TIC-TAC-751x1536.png 751w, https:\/\/llardinfantstictac.com\/wp-content\/uploads\/2020\/08\/logo-TIC-TAC-1001x2048.png 1001w, https:\/\/llardinfantstictac.com\/wp-content\/uploads\/2020\/08\/logo-TIC-TAC.png 1693w\" sizes=\"(max-width: 500px) 100vw, 500px\" \/><\/figure><\/div>\n<\/div>\n<\/div>\n\n\n\n<div class=\"wp-block-themepunch-revslider revslider\" data-modal=\"false\" data-slidertitle=\"horaris\" style=\"\">\n\t\t\t<!-- START horaris REVOLUTION SLIDER 6.5.31 --><p class=\"rs-p-wp-fix\"><\/p>\n\t\t\t<rs-module-wrap id=\"rev_slider_18_1_wrapper\" data-source=\"gallery\" style=\"visibility:hidden;background:transparent;padding:0;margin:0px auto;margin-top:0;margin-bottom:0;\">\n\t\t\t\t<rs-module id=\"rev_slider_18_1\" style=\"\" data-version=\"6.5.31\">\n\t\t\t\t\t<rs-slides>\n\t\t\t\t\t\t<rs-slide style=\"position: absolute;\" data-key=\"rs-172\" data-title=\"Slide\" data-anim=\"ms:1000;r:0;\" data-in=\"o:0;\" data-out=\"a:false;\">\n\t\t\t\t\t\t\t<img decoding=\"async\" src=\"\/\/llardinfantstictac.com\/wp-content\/plugins\/revslider\/public\/assets\/assets\/dummy.png\" alt=\"Slide\" title=\"Los horarios\" class=\"rev-slidebg tp-rs-img rs-lazyload\" data-lazyload=\"\/\/llardinfantstictac.com\/wp-content\/plugins\/revslider\/public\/assets\/assets\/transparent.png\" data-no-retina>\n<!--\n\t\t\t\t\t\t\t--><rs-layer\n\t\t\t\t\t\t\t\tid=\"slider-18-slide-172-layer-8\" \n\t\t\t\t\t\t\t\tdata-type=\"image\"\n\t\t\t\t\t\t\t\tdata-rsp_ch=\"on\"\n\t\t\t\t\t\t\t\tdata-text=\"w:normal;\"\n\t\t\t\t\t\t\t\tdata-dim=\"w:800px;h:600px;\"\n\t\t\t\t\t\t\t\tdata-frame_999=\"o:0;st:w;\"\n\t\t\t\t\t\t\t\tstyle=\"z-index:5;\"\n\t\t\t\t\t\t\t><img decoding=\"async\" src=\"\/\/llardinfantstictac.com\/wp-content\/plugins\/revslider\/public\/assets\/assets\/dummy.png\" alt=\"\" class=\"tp-rs-img rs-lazyload\" width=\"800\" height=\"600\" data-lazyload=\"\/\/llardinfantstictac.com\/nova\/wp-content\/uploads\/2020\/09\/horaris_001.jpg\" data-no-retina> \n\t\t\t\t\t\t\t<\/rs-layer><!--\n-->\t\t\t\t\t\t<\/rs-slide>\n\t\t\t\t\t\t<rs-slide style=\"position: absolute;\" data-key=\"rs-173\" data-title=\"Slide\" data-anim=\"ms:1000;r:0;\" data-in=\"o:0;\" data-out=\"a:false;\">\n\t\t\t\t\t\t\t<img decoding=\"async\" src=\"\/\/llardinfantstictac.com\/wp-content\/plugins\/revslider\/public\/assets\/assets\/dummy.png\" alt=\"Slide\" title=\"Los horarios\" class=\"rev-slidebg tp-rs-img rs-lazyload\" data-lazyload=\"\/\/llardinfantstictac.com\/wp-content\/plugins\/revslider\/public\/assets\/assets\/transparent.png\" data-no-retina>\n<!--\n\t\t\t\t\t\t\t--><rs-layer\n\t\t\t\t\t\t\t\tid=\"slider-18-slide-173-layer-10\" \n\t\t\t\t\t\t\t\tdata-type=\"image\"\n\t\t\t\t\t\t\t\tdata-rsp_ch=\"on\"\n\t\t\t\t\t\t\t\tdata-text=\"w:normal;\"\n\t\t\t\t\t\t\t\tdata-dim=\"w:800px;h:600px;\"\n\t\t\t\t\t\t\t\tdata-frame_999=\"o:0;st:w;\"\n\t\t\t\t\t\t\t\tstyle=\"z-index:5;\"\n\t\t\t\t\t\t\t><img decoding=\"async\" src=\"\/\/llardinfantstictac.com\/wp-content\/plugins\/revslider\/public\/assets\/assets\/dummy.png\" alt=\"\" class=\"tp-rs-img rs-lazyload\" width=\"800\" height=\"600\" data-lazyload=\"\/\/llardinfantstictac.com\/nova\/wp-content\/uploads\/2020\/09\/horaris_002.jpg\" data-no-retina> \n\t\t\t\t\t\t\t<\/rs-layer><!--\n-->\t\t\t\t\t\t<\/rs-slide>\n\t\t\t\t\t\t<rs-slide style=\"position: absolute;\" data-key=\"rs-174\" data-title=\"Slide\" data-anim=\"ms:1000;r:0;\" data-in=\"o:0;\" data-out=\"a:false;\">\n\t\t\t\t\t\t\t<img decoding=\"async\" src=\"\/\/llardinfantstictac.com\/wp-content\/plugins\/revslider\/public\/assets\/assets\/dummy.png\" alt=\"Slide\" title=\"Los horarios\" class=\"rev-slidebg tp-rs-img rs-lazyload\" data-lazyload=\"\/\/llardinfantstictac.com\/wp-content\/plugins\/revslider\/public\/assets\/assets\/transparent.png\" data-no-retina>\n<!--\n\t\t\t\t\t\t\t--><rs-layer\n\t\t\t\t\t\t\t\tid=\"slider-18-slide-174-layer-11\" \n\t\t\t\t\t\t\t\tdata-type=\"image\"\n\t\t\t\t\t\t\t\tdata-rsp_ch=\"on\"\n\t\t\t\t\t\t\t\tdata-text=\"w:normal;\"\n\t\t\t\t\t\t\t\tdata-dim=\"w:800px;h:600px;\"\n\t\t\t\t\t\t\t\tdata-frame_999=\"o:0;st:w;\"\n\t\t\t\t\t\t\t\tstyle=\"z-index:5;\"\n\t\t\t\t\t\t\t><img decoding=\"async\" src=\"\/\/llardinfantstictac.com\/wp-content\/plugins\/revslider\/public\/assets\/assets\/dummy.png\" alt=\"\" class=\"tp-rs-img rs-lazyload\" width=\"800\" height=\"600\" data-lazyload=\"\/\/llardinfantstictac.com\/nova\/wp-content\/uploads\/2020\/09\/horaris_003.jpg\" data-no-retina> \n\t\t\t\t\t\t\t<\/rs-layer><!--\n-->\t\t\t\t\t\t<\/rs-slide>\n\t\t\t\t\t\t<rs-slide style=\"position: absolute;\" data-key=\"rs-175\" data-title=\"Slide\" data-anim=\"ms:1000;r:0;\" data-in=\"o:0;\" data-out=\"a:false;\">\n\t\t\t\t\t\t\t<img decoding=\"async\" src=\"\/\/llardinfantstictac.com\/wp-content\/plugins\/revslider\/public\/assets\/assets\/dummy.png\" alt=\"Slide\" title=\"Los horarios\" class=\"rev-slidebg tp-rs-img rs-lazyload\" data-lazyload=\"\/\/llardinfantstictac.com\/wp-content\/plugins\/revslider\/public\/assets\/assets\/transparent.png\" data-no-retina>\n<!--\n\t\t\t\t\t\t\t--><rs-layer\n\t\t\t\t\t\t\t\tid=\"slider-18-slide-175-layer-12\" \n\t\t\t\t\t\t\t\tdata-type=\"image\"\n\t\t\t\t\t\t\t\tdata-rsp_ch=\"on\"\n\t\t\t\t\t\t\t\tdata-text=\"w:normal;\"\n\t\t\t\t\t\t\t\tdata-dim=\"w:800px;h:600px;\"\n\t\t\t\t\t\t\t\tdata-frame_999=\"o:0;st:w;\"\n\t\t\t\t\t\t\t\tstyle=\"z-index:5;\"\n\t\t\t\t\t\t\t><img decoding=\"async\" src=\"\/\/llardinfantstictac.com\/wp-content\/plugins\/revslider\/public\/assets\/assets\/dummy.png\" alt=\"\" class=\"tp-rs-img rs-lazyload\" width=\"800\" height=\"600\" data-lazyload=\"\/\/llardinfantstictac.com\/nova\/wp-content\/uploads\/2020\/09\/horaris_004.jpg\" data-no-retina> \n\t\t\t\t\t\t\t<\/rs-layer><!--\n-->\t\t\t\t\t\t<\/rs-slide>\n\t\t\t\t\t\t<rs-slide style=\"position: absolute;\" data-key=\"rs-176\" data-title=\"Slide\" data-anim=\"ms:1000;r:0;\" data-in=\"o:0;\" data-out=\"a:false;\">\n\t\t\t\t\t\t\t<img decoding=\"async\" src=\"\/\/llardinfantstictac.com\/wp-content\/plugins\/revslider\/public\/assets\/assets\/dummy.png\" alt=\"Slide\" title=\"Los horarios\" class=\"rev-slidebg tp-rs-img rs-lazyload\" data-lazyload=\"\/\/llardinfantstictac.com\/wp-content\/plugins\/revslider\/public\/assets\/assets\/transparent.png\" data-no-retina>\n<!--\n\t\t\t\t\t\t\t--><rs-layer\n\t\t\t\t\t\t\t\tid=\"slider-18-slide-176-layer-4\" \n\t\t\t\t\t\t\t\tdata-type=\"image\"\n\t\t\t\t\t\t\t\tdata-rsp_ch=\"on\"\n\t\t\t\t\t\t\t\tdata-text=\"w:normal;\"\n\t\t\t\t\t\t\t\tdata-dim=\"w:800px;h:600px;\"\n\t\t\t\t\t\t\t\tdata-frame_999=\"o:0;st:w;\"\n\t\t\t\t\t\t\t\tstyle=\"z-index:5;\"\n\t\t\t\t\t\t\t><img decoding=\"async\" src=\"\/\/llardinfantstictac.com\/wp-content\/plugins\/revslider\/public\/assets\/assets\/dummy.png\" alt=\"\" class=\"tp-rs-img rs-lazyload\" width=\"800\" height=\"600\" data-lazyload=\"\/\/llardinfantstictac.com\/nova\/wp-content\/uploads\/2020\/09\/horaris_005.jpg\" data-no-retina> \n\t\t\t\t\t\t\t<\/rs-layer><!--\n-->\t\t\t\t\t\t<\/rs-slide>\n\t\t\t\t\t<\/rs-slides>\n\t\t\t\t<\/rs-module>\n\t\t\t\t<script>\n\t\t\t\t\tsetREVStartSize({c: 'rev_slider_18_1',rl:[1240,1024,778,480],el:[620],gw:[800],gh:[620],type:'carousel',justify:'',layout:'fullwidth',mh:\"0\"});if (window.RS_MODULES!==undefined && window.RS_MODULES.modules!==undefined && window.RS_MODULES.modules[\"revslider181\"]!==undefined) {window.RS_MODULES.modules[\"revslider181\"].once = false;window.revapi18 = undefined;if (window.RS_MODULES.checkMinimal!==undefined) window.RS_MODULES.checkMinimal()}\n\t\t\t\t<\/script>\n\t\t\t<\/rs-module-wrap>\n\t\t\t<!-- END REVOLUTION SLIDER -->\n<\/div>\n","protected":false},"excerpt":{"rendered":"<p>En nuestra guarder\u00eda tenemos un horario flexible para cubrir las necesidades de todos. Dividido en dos turnos: -EL TURNO DE MA\u00d1ANA: de 07:00 a 18:00 horas. -EL TURNO DE TARDE: de 12:00 a 21:00 horas * grupo m\u00ednimo de 12 ni\u00f1os. C\u00f3mo nos organizamos? A primera hora de la ma\u00f1ana ofrecemos la acogida de los [&hellip;]<\/p>\n","protected":false},"author":1,"featured_media":0,"parent":48,"menu_order":32,"comment_status":"closed","ping_status":"closed","template":"","meta":{"footnotes":""},"_links":{"self":[{"href":"https:\/\/llardinfantstictac.com\/index.php?rest_route=\/wp\/v2\/pages\/97"}],"collection":[{"href":"https:\/\/llardinfantstictac.com\/index.php?rest_route=\/wp\/v2\/pages"}],"about":[{"href":"https:\/\/llardinfantstictac.com\/index.php?rest_route=\/wp\/v2\/types\/page"}],"author":[{"embeddable":true,"href":"https:\/\/llardinfantstictac.com\/index.php?rest_route=\/wp\/v2\/users\/1"}],"replies":[{"embeddable":true,"href":"https:\/\/llardinfantstictac.com\/index.php?rest_route=%2Fwp%2Fv2%2Fcomments&post=97"}],"version-history":[{"count":4,"href":"https:\/\/llardinfantstictac.com\/index.php?rest_route=\/wp\/v2\/pages\/97\/revisions"}],"predecessor-version":[{"id":558,"href":"https:\/\/llardinfantstictac.com\/index.php?rest_route=\/wp\/v2\/pages\/97\/revisions\/558"}],"up":[{"embeddable":true,"href":"https:\/\/llardinfantstictac.com\/index.php?rest_route=\/wp\/v2\/pages\/48"}],"wp:attachment":[{"href":"https:\/\/llardinfantstictac.com\/index.php?rest_route=%2Fwp%2Fv2%2Fmedia&parent=97"}],"curies":[{"name":"wp","href":"https:\/\/api.w.org\/{rel}","templated":true}]}}