{"id":80,"date":"2020-07-18T15:04:24","date_gmt":"2020-07-18T15:04:24","guid":{"rendered":"http:\/\/llardinfantstictac.com?page_id=80"},"modified":"2020-08-30T16:55:29","modified_gmt":"2020-08-30T16:55:29","slug":"la-nostra-cuina-propia-i-casolana","status":"publish","type":"page","link":"https:\/\/llardinfantstictac.com\/?page_id=80","title":{"rendered":"La nostra cuina pr\u00f2pia i casolana"},"content":{"rendered":"\n<p><\/p>\n\n\n\n<p>Seguint amb la preocupaci\u00f3 per una alimentaci\u00f3 \u00f2ptima dels petits, comptem amb cuina pr\u00f2pia a la llar; d\u2019aquesta forma assegurem que tot el menjar s\u2019elabora cada dia amb productes frescs i complint amb totes les normes de seguretat aliment\u00e0ria. La nostra pol\u00edtica de sostenibilitat ens porta a utilitzar exclusivament fruites i verdures fresques de temporada i de col\u00b7laborar amb les botigues de proximitat que ens proporcionen els millors productes de la nostra terra.<\/p>\n\n\n\n<p><strong><span class=\"has-inline-color has-vivid-red-color\">Us presentem a la cuinera de la TIC TAC:<\/span><\/strong><\/p>\n\n\n\n<p class=\"has-text-align-center\"><strong>ROSA MARIA<\/strong><\/p>\n\n\n\n<figure class=\"wp-block-image size-large is-resized\"><div align=\"center\"><img loading=\"lazy\" decoding=\"async\" src=\"https:\/\/llardinfantstictac.comwp-content\/uploads\/2020\/08\/cuineraaaa-576x1024.jpg\" alt=\"\" class=\"wp-image-503\" width=\"288\" height=\"512\" srcset=\"https:\/\/llardinfantstictac.com\/wp-content\/uploads\/2020\/08\/cuineraaaa-576x1024.jpg 576w, https:\/\/llardinfantstictac.com\/wp-content\/uploads\/2020\/08\/cuineraaaa-169x300.jpg 169w, https:\/\/llardinfantstictac.com\/wp-content\/uploads\/2020\/08\/cuineraaaa-500x889.jpg 500w, https:\/\/llardinfantstictac.com\/wp-content\/uploads\/2020\/08\/cuineraaaa.jpg 720w\" sizes=\"(max-width: 288px) 100vw, 288px\" \/><\/div><\/figure>\n\n\n\n<p>Oferim a les fam\u00edlies dos tipus de men\u00fas setmanals: un de 6-12 mesos i l\u2019altre, a partir dels 12 mesos d\u2019edat. Els quals podem combinar segons les necessitats de cada infant.<\/p>\n\n\n\n<p><strong><span class=\"has-inline-color has-vivid-red-color\">Els men\u00fas especials:<\/span><\/strong><\/p>\n\n\n\n<p>Disposem de men\u00fas adaptats per infants amb al\u00b7l\u00e8rgies o intoler\u00e0ncies.<\/p>\n\n\n\n<p>Com per exemple: men\u00fas sense gluten, sense lactosa, entre d\u2019altres.<\/p>\n\n\n\n<p><strong><u><span class=\"has-inline-color has-vivid-red-color\">Els h\u00e0bits relacionats amb l\u2019alimentaci\u00f3.<\/span><\/u><\/strong><\/p>\n\n\n\n<p>Durant els primers dotze mesos de vida l\u2019infant ja ha experimentat alguns canvis en la seva alimentaci\u00f3 amb la introducci\u00f3 de nous sabors i aliments. Als cinc mesos ha descobert la cullera al introduir les farinetes a les seves dietes i, a partir del vuit\u00e8 mes pren aliments com el rovell de l\u2019ou, fetge, etc., que contribueixen a que la seva dieta sigui m\u00e9s variada.<\/p>\n\n\n\n<p>De fet, quan el nen\/a compleix un any, menja pr\u00e0cticament de tot: llet, productes l\u00e0ctics, carns, peixos, ous, fruites, verdures, pa i cereals. En aquesta edat a l\u2019infant li agrada jugar amb el menjar i menjar amb els dits.<\/p>\n\n\n\n<p>A mesura que passa el segon any, va adquirint l\u2019habilitat d\u2019agafar la cullera, per tant, hem de permetre que mengi sol.<\/p>\n\n\n\n<p>Al principi no ho far\u00e0 del tot b\u00e9 i el m\u00e9s segur \u00e9s que tiri m\u00e9s menjar del que \u00e9s capa\u00e7 d\u2019introduir a la boca; Tot i aix\u00ed, ja cap als quinze mesos, molts infants s\u00f3n capa\u00e7os, si els ensenyem, de menjar sols sense cap tipus de dificultat. Aix\u00ed l\u2019infant passar\u00e0 de menjar amb l\u2019ajuda d\u2019un adult a comen\u00e7ar a utilitzar els coberts sol.<\/p>\n\n\n\n<p>Alguns dels h\u00e0bits alimentaris:<\/p>\n\n\n\n<p>&#8211; Mossegar b\u00e9 els aliments, sense preses.<\/p>\n\n\n\n<p>&#8211; Saber estar a la taula sense jugar ni ser grollers.<\/p>\n\n\n\n<p>&#8211; Demanar la quantitat que es menjar\u00e0, no s\u2019ha de jugar amb els aliments.<\/p>\n\n\n\n<p>&#8211; Respectar les hores de les menjades i no menjar entre hores.<\/p>\n\n\n\n<p>&#8211; Valorar la import\u00e0ncia de una alimentaci\u00f3 sana, equilibrada i variada. Fomentant que es mengi tot sense arribar a oblidar-los i estimular-los a provar plats desconeguts.<\/p>\n\n\n\n<p>&#8211; Beure aigua durant el dia, aproximadament un litre i mig.<\/p>\n\n\n\n<p>&#8211; Animar-los a que l\u2019esmorzar sigui el m\u00e9s sa possible, evitant productes de brioixeria industrial. Hem d\u2019inculcar-lis que \u00e9s millor seguir una dieta sana i natural.<\/p>\n\n\n\n<p>Tot seguit us anomenem un dels m\u00e8todes d\u2019alimentaci\u00f3 que tamb\u00e9 podem fer a la TIC-TAC:<\/p>\n\n\n\n<p><strong><span class=\"has-inline-color has-vivid-red-color\">El m\u00e8tode \u201cThe baby led weaning\u201d<\/span><\/strong><\/p>\n\n\n\n<p>Aqu\u00ed us fem un esment de les regles a seguir per comen\u00e7ar l\u2019alimentaci\u00f3 complement\u00e0ria amb s\u00f2lids per nadons:<\/p>\n\n\n\n<p>&#8211; L\u2019infant ha de ser l\u2019encarregat de gestionar el seu proc\u00e9s d\u2019alimentaci\u00f3 i els adults nom\u00e9s els facilitadors.<\/p>\n\n\n\n<p>&#8211; El nad\u00f3 ha de mantenir-se assegut sense ajuda.<\/p>\n\n\n\n<p>&#8211; Li hem d\u2019oferir el menjar a l\u2019infant sense obligar-lo a menjar.<\/p>\n\n\n\n<p>&#8211; Intentem menjar tots junts i no deixar-lo sol.<\/p>\n\n\n\n<p>&#8211; Primer oferim la llet materna i despr\u00e8s el menjar.<\/p>\n\n\n\n<p>&#8211; Cal que l\u2019adult conegui la maniobra de Heimlich per a nadons.<\/p>\n\n\n\n<p>&#8211; Poc a poc li oferim diferents aliments vigilant les possibles al\u00b7l\u00e8rgies.<\/p>\n\n\n\n<p>&#8211; Al principi \u00e9s important no barrejar la introducci\u00f3 d\u2019aliment s\u00f2lids amb el triturat.<\/p>\n\n\n\n<p>&#8211; \u00c9s important no distreure l\u2019infant durant les menjades.<\/p>\n\n\n\n<p>Per a m\u00e9s informaci\u00f3 us anotem alguns llibres que us poden ajudar:<\/p>\n\n\n\n<p><strong>Se me hace bola (Julio Basulto)<\/strong><\/p>\n\n\n\n<p><strong>Mi ni\u00f1o no me come ( Carlos Gonz\u00e0lez)<\/strong><\/p>\n\n\n\n<p><strong>Aprender a comer solo ( L\u00eddia Folgar)<\/strong><\/p>\n\n\n\n<p><strong>Sin diendtes y a bocados ( Juan Llorca)<\/strong><\/p>\n\n\n\n<p><strong>Mis recetas adaptades a Baby Led Weaning (Adriana Palazon)<\/strong><\/p>\n","protected":false},"excerpt":{"rendered":"<p>Seguint amb la preocupaci\u00f3 per una alimentaci\u00f3 \u00f2ptima dels petits, comptem amb cuina pr\u00f2pia a la llar; d\u2019aquesta forma assegurem que tot el menjar s\u2019elabora cada dia amb productes frescs i complint amb totes les normes de seguretat aliment\u00e0ria. La nostra pol\u00edtica de sostenibilitat ens porta a utilitzar exclusivament fruites i verdures fresques de temporada [&hellip;]<\/p>\n","protected":false},"author":1,"featured_media":0,"parent":46,"menu_order":34,"comment_status":"closed","ping_status":"closed","template":"","meta":{"footnotes":""},"_links":{"self":[{"href":"https:\/\/llardinfantstictac.com\/index.php?rest_route=\/wp\/v2\/pages\/80"}],"collection":[{"href":"https:\/\/llardinfantstictac.com\/index.php?rest_route=\/wp\/v2\/pages"}],"about":[{"href":"https:\/\/llardinfantstictac.com\/index.php?rest_route=\/wp\/v2\/types\/page"}],"author":[{"embeddable":true,"href":"https:\/\/llardinfantstictac.com\/index.php?rest_route=\/wp\/v2\/users\/1"}],"replies":[{"embeddable":true,"href":"https:\/\/llardinfantstictac.com\/index.php?rest_route=%2Fwp%2Fv2%2Fcomments&post=80"}],"version-history":[{"count":5,"href":"https:\/\/llardinfantstictac.com\/index.php?rest_route=\/wp\/v2\/pages\/80\/revisions"}],"predecessor-version":[{"id":574,"href":"https:\/\/llardinfantstictac.com\/index.php?rest_route=\/wp\/v2\/pages\/80\/revisions\/574"}],"up":[{"embeddable":true,"href":"https:\/\/llardinfantstictac.com\/index.php?rest_route=\/wp\/v2\/pages\/46"}],"wp:attachment":[{"href":"https:\/\/llardinfantstictac.com\/index.php?rest_route=%2Fwp%2Fv2%2Fmedia&parent=80"}],"curies":[{"name":"wp","href":"https:\/\/api.w.org\/{rel}","templated":true}]}}