{"id":41,"date":"2020-07-06T21:00:29","date_gmt":"2020-07-06T21:00:29","guid":{"rendered":"http:\/\/llardinfantstictac.com?page_id=41"},"modified":"2024-02-21T12:17:26","modified_gmt":"2024-02-21T12:17:26","slug":"quienes-somos","status":"publish","type":"page","link":"https:\/\/llardinfantstictac.com\/?page_id=41&lang=es","title":{"rendered":"Qui\u00e9nes somos?"},"content":{"rendered":"\n<div class=\"wp-block-columns is-layout-flex wp-container-core-columns-layout-1 wp-block-columns-is-layout-flex\">\n<div class=\"wp-block-column is-layout-flow wp-block-column-is-layout-flow\" style=\"flex-basis:80%\">\n<p class=\"has-text-align-left\">La <strong><span class=\"has-inline-color has-vivid-red-color\">Llar d\u2019infants TIC \u2013TAC<\/span><\/strong> est\u00e1 situada en el centro de Lleida, en un chalet independiente, muy amplio, con jard\u00edn, donde los alumnos se organizan por edades. La TIC-TAC es una guarder\u00eda con dedicaci\u00f3n exclusiva al mundo infantil, dirigida por personas especializadas y con una clara metodolog\u00eda de trabajo.<\/p>\n\n\n\n<p>Proyecto educativo:<br>&#8211; Ingles<br>&#8211; M\u00fasica<br>&#8211; Psicomotricidad<br>&#8211; Nataci\u00f3n<br>&#8211; Huerto<br>&#8211; Trabajamos en familia<br>&#8211; Estadas<br>&#8211; Cocina propia<\/p>\n\n\n\n<p><a href=\"https:\/\/llardinfantstictac.comserveis\/projecte-educatiu-de-la-tic-tac\/\" data-type=\"page\" data-id=\"77\">Leer mas<\/a><\/p>\n<\/div>\n\n\n\n<div class=\"wp-block-column is-layout-flow wp-block-column-is-layout-flow\" style=\"flex-basis:66.66%\">\n<figure class=\"wp-block-video\"><video controls src=\"https:\/\/llardinfantstictac.com\/tictac.mp4\"><\/video><\/figure>\n<\/div>\n<\/div>\n\n\n\n<hr class=\"wp-block-separator has-css-opacity\"\/>\n\n\n\n<h4 class=\"wp-block-heading has-text-align-center has-medium-font-size\"><mark style=\"background-color:rgba(0, 0, 0, 0)\" class=\"has-inline-color has-vivid-red-color\"><strong><br>El equipo directivo:<\/strong><\/mark><\/h4>\n\n\n\n<figure class=\"wp-block-image size-large is-resized\"><div align=\"center\"><img decoding=\"async\" src=\"https:\/\/llardinfantstictac.com\/wp-content\/uploads\/2022\/06\/direccio.jpg\" alt=\"\" class=\"wp-image-31\" height=\"300\"><\/div><\/figure>\n\n\n\n<h4 class=\"wp-block-heading has-text-align-center has-medium-font-size\"><mark style=\"background-color:rgba(0, 0, 0, 0)\" class=\"has-inline-color has-vivid-red-color\"><strong><br>El equipo docente:<\/strong><\/mark><\/h4>\n\n\n\n<figure class=\"wp-block-image size-large is-resized\"><div align=\"center\"><img decoding=\"async\" src=\"https:\/\/llardinfantstictac.com\/wp-content\/uploads\/2023\/02\/CURS-22.23-FINAL-CASTELLA.jpg\" alt=\"\" class=\"wp-image-32\" height=\"227\"><\/div><\/figure>\n\n\n\n<p><\/p>\n","protected":false},"excerpt":{"rendered":"<p>La Llar d\u2019infants TIC \u2013TAC est\u00e1 situada en el centro de Lleida, en un chalet independiente, muy amplio, con jard\u00edn, donde los alumnos se organizan por edades. La TIC-TAC es una guarder\u00eda con dedicaci\u00f3n exclusiva al mundo infantil, dirigida por personas especializadas y con una clara metodolog\u00eda de trabajo. Proyecto educativo:&#8211; Ingles&#8211; M\u00fasica&#8211; Psicomotricidad&#8211; Nataci\u00f3n&#8211; [&hellip;]<\/p>\n","protected":false},"author":1,"featured_media":0,"parent":0,"menu_order":20,"comment_status":"closed","ping_status":"closed","template":"","meta":{"footnotes":""},"_links":{"self":[{"href":"https:\/\/llardinfantstictac.com\/index.php?rest_route=\/wp\/v2\/pages\/41"}],"collection":[{"href":"https:\/\/llardinfantstictac.com\/index.php?rest_route=\/wp\/v2\/pages"}],"about":[{"href":"https:\/\/llardinfantstictac.com\/index.php?rest_route=\/wp\/v2\/types\/page"}],"author":[{"embeddable":true,"href":"https:\/\/llardinfantstictac.com\/index.php?rest_route=\/wp\/v2\/users\/1"}],"replies":[{"embeddable":true,"href":"https:\/\/llardinfantstictac.com\/index.php?rest_route=%2Fwp%2Fv2%2Fcomments&post=41"}],"version-history":[{"count":10,"href":"https:\/\/llardinfantstictac.com\/index.php?rest_route=\/wp\/v2\/pages\/41\/revisions"}],"predecessor-version":[{"id":2537,"href":"https:\/\/llardinfantstictac.com\/index.php?rest_route=\/wp\/v2\/pages\/41\/revisions\/2537"}],"wp:attachment":[{"href":"https:\/\/llardinfantstictac.com\/index.php?rest_route=%2Fwp%2Fv2%2Fmedia&parent=41"}],"curies":[{"name":"wp","href":"https:\/\/api.w.org\/{rel}","templated":true}]}}