{"id":29,"date":"2020-06-07T10:58:20","date_gmt":"2020-06-07T10:58:20","guid":{"rendered":"http:\/\/llardinfantstictac.com?page_id=29"},"modified":"2024-02-21T12:16:31","modified_gmt":"2024-02-21T12:16:31","slug":"qui-som","status":"publish","type":"page","link":"https:\/\/llardinfantstictac.com\/?page_id=29","title":{"rendered":"Qui som?"},"content":{"rendered":"\n<div class=\"wp-block-columns is-layout-flex wp-container-core-columns-layout-1 wp-block-columns-is-layout-flex\">\n<div class=\"wp-block-column is-layout-flow wp-block-column-is-layout-flow\" style=\"flex-basis:80%\">\n<p class=\"has-text-align-left\">La <strong><span class=\"has-inline-color has-vivid-red-color\">Llar d\u2019infants TIC \u2013TAC<\/span><\/strong> est\u00e0 situada al centre de Lleida, en un xalet independent, molt ampli, amb jard\u00ed, on els alumnes s\u2019organitzen per edats. La Tic \u2013 Tac \u00e9s una llar d\u2019infants amb dedicaci\u00f3 exclusiva al m\u00f3n infantil, dirigida per persones especialitzades i amb una clara metodologia de treball.<\/p>\n\n\n\n<p>Projecte educatiu:<br>&#8211; Angl\u00e8s<br>&#8211; M\u00fasica<br>&#8211; Psicomotricitat<br>&#8211; Nataci\u00f3 <br>&#8211; Hort<br>&#8211; Treballem en fam\u00edlia<br>&#8211; Estades<br>&#8211; Cuina pr\u00f2pia<\/p>\n\n\n\n<p><a href=\"https:\/\/llardinfantstictac.comserveis\/projecte-educatiu-de-la-tic-tac\/\" data-type=\"page\" data-id=\"77\">Llegir m\u00e9s<\/a><\/p>\n<\/div>\n\n\n\n<div class=\"wp-block-column is-vertically-aligned-top is-layout-flow wp-block-column-is-layout-flow\" style=\"flex-basis:66.66%\">\n<figure class=\"wp-block-video\"><video controls src=\"https:\/\/llardinfantstictac.com\/tictac.mp4\"><\/video><\/figure>\n<\/div>\n<\/div>\n\n\n\n<hr class=\"wp-block-separator has-css-opacity\"\/>\n\n\n\n<h4 class=\"wp-block-heading has-text-align-center has-medium-font-size\"><mark style=\"background-color:rgba(0, 0, 0, 0)\" class=\"has-inline-color has-vivid-red-color\"><strong>L\u2019equip directiu<\/strong>:<\/mark><\/h4>\n\n\n\n<figure class=\"wp-block-image size-large is-resized\"><div align=\"center\"><img decoding=\"async\" src=\"https:\/\/llardinfantstictac.com\/wp-content\/uploads\/2022\/06\/direccio.jpg\" alt=\"\" class=\"wp-image-31\" height=\"300\"><\/div><\/figure>\n\n\n\n<h4 class=\"wp-block-heading has-text-align-center has-medium-font-size\"><mark style=\"background-color:rgba(0, 0, 0, 0)\" class=\"has-inline-color has-vivid-red-color\"><strong>L\u2019equip docent<\/strong>:<\/mark><\/h4>\n\n\n\n<figure class=\"wp-block-image size-large is-resized\"><div align=\"center\"><img decoding=\"async\" src=\"https:\/\/llardinfantstictac.com\/wp-content\/uploads\/2023\/02\/CURS-22.23-FINAL-CATALA.jpg\" alt=\"\" class=\"wp-image-32\" height=\"227\"><\/div><\/figure>\n\n\n\n<p><\/p>\n","protected":false},"excerpt":{"rendered":"<p>La Llar d\u2019infants TIC \u2013TAC est\u00e0 situada al centre de Lleida, en un xalet independent, molt ampli, amb jard\u00ed, on els alumnes s\u2019organitzen per edats. La Tic \u2013 Tac \u00e9s una llar d\u2019infants amb dedicaci\u00f3 exclusiva al m\u00f3n infantil, dirigida per persones especialitzades i amb una clara metodologia de treball. Projecte educatiu:&#8211; Angl\u00e8s&#8211; M\u00fasica&#8211; Psicomotricitat&#8211; [&hellip;]<\/p>\n","protected":false},"author":1,"featured_media":0,"parent":0,"menu_order":20,"comment_status":"closed","ping_status":"closed","template":"","meta":{"footnotes":""},"_links":{"self":[{"href":"https:\/\/llardinfantstictac.com\/index.php?rest_route=\/wp\/v2\/pages\/29"}],"collection":[{"href":"https:\/\/llardinfantstictac.com\/index.php?rest_route=\/wp\/v2\/pages"}],"about":[{"href":"https:\/\/llardinfantstictac.com\/index.php?rest_route=\/wp\/v2\/types\/page"}],"author":[{"embeddable":true,"href":"https:\/\/llardinfantstictac.com\/index.php?rest_route=\/wp\/v2\/users\/1"}],"replies":[{"embeddable":true,"href":"https:\/\/llardinfantstictac.com\/index.php?rest_route=%2Fwp%2Fv2%2Fcomments&post=29"}],"version-history":[{"count":35,"href":"https:\/\/llardinfantstictac.com\/index.php?rest_route=\/wp\/v2\/pages\/29\/revisions"}],"predecessor-version":[{"id":2536,"href":"https:\/\/llardinfantstictac.com\/index.php?rest_route=\/wp\/v2\/pages\/29\/revisions\/2536"}],"wp:attachment":[{"href":"https:\/\/llardinfantstictac.com\/index.php?rest_route=%2Fwp%2Fv2%2Fmedia&parent=29"}],"curies":[{"name":"wp","href":"https:\/\/api.w.org\/{rel}","templated":true}]}}