{"id":105,"date":"2020-07-18T15:13:13","date_gmt":"2020-07-18T15:13:13","guid":{"rendered":"http:\/\/llardinfantstictac.com?page_id=105"},"modified":"2020-08-30T16:49:43","modified_gmt":"2020-08-30T16:49:43","slug":"nuestra-cocina-propia-y-casera","status":"publish","type":"page","link":"https:\/\/llardinfantstictac.com\/?page_id=105&lang=es","title":{"rendered":"Nuestra cocina propia y casera"},"content":{"rendered":"\n<p><\/p>\n\n\n\n<p>Siguiendo con la preocupaci\u00f3n por una alimentaci\u00f3n optima de peque\u00f1os, contamos con cocina propia en la guarder\u00eda, de esta manera aseguramos que toda la comida se elabora cada d\u00eda con productos frescos y cumpliendo con todas las normas de seguridad alimentaria. Nuestra pol\u00edtica de sostenibilidad nos lleva a utilizar exclusivamente frutas y verduras de temporada y a colaborar con tiendas de proximidad que nos proporcionan los mejores productos de nuestra tierra.<\/p>\n\n\n\n<p><strong><span class=\"has-inline-color has-vivid-red-color\"><strong>Os presentamos a la cocinera de la TIC &#8211; TAC:<\/strong><\/span><\/strong><\/p>\n\n\n\n<p class=\"has-text-align-center\"><strong>ROSA MARIA<\/strong><\/p>\n\n\n\n<figure class=\"wp-block-image size-large is-resized\"><div align=\"center\"><img loading=\"lazy\" decoding=\"async\" src=\"https:\/\/llardinfantstictac.comwp-content\/uploads\/2020\/08\/cuineraaaa-576x1024.jpg\" alt=\"\" class=\"wp-image-503\" width=\"288\" height=\"512\" srcset=\"https:\/\/llardinfantstictac.com\/wp-content\/uploads\/2020\/08\/cuineraaaa-576x1024.jpg 576w, https:\/\/llardinfantstictac.com\/wp-content\/uploads\/2020\/08\/cuineraaaa-169x300.jpg 169w, https:\/\/llardinfantstictac.com\/wp-content\/uploads\/2020\/08\/cuineraaaa-500x889.jpg 500w, https:\/\/llardinfantstictac.com\/wp-content\/uploads\/2020\/08\/cuineraaaa.jpg 720w\" sizes=\"(max-width: 288px) 100vw, 288px\" \/><\/div><\/figure>\n\n\n\n<p>Ofrecemos a las familias dos tipos de men\u00fas semanales, uno de 6-12 meses y el otro a partir de los 12 meses de edad. Los cuales podemos combinar dependiendo de las necesidades de cada ni\u00f1o.<\/p>\n\n\n\n<p><strong><span class=\"has-inline-color has-vivid-red-color\"><strong>Los men\u00fas especiales:<\/strong><\/span><\/strong><\/p>\n\n\n\n<p>Disponemos de men\u00fas adaptados para ni\u00f1os con alergias o intolerancias.<\/p>\n\n\n\n<p> Como por ejemplo: men\u00fas sin gluten, sin lactosa, entre otros.<\/p>\n\n\n\n<p><strong><u><span class=\"has-inline-color has-vivid-red-color\"><strong><u>Los h\u00e1bitos relacionados con la alimentaci\u00f3n<\/u><\/strong><\/span><\/u><\/strong><\/p>\n\n\n\n<p>Durante los primeros doce meses de vida el ni\u00f1o ya ha experimentado algunos cambios en su alimentaci\u00f3n con la introducci\u00f3n de nuevos sabores y alimentos. A los cinco meses, ha descubierto la cuchara al introducir las papillas en sus dietas y a partir del octavo mes, toma alimentos como la yema del huevo, h\u00edgado, etc., que contribuye a que su dieta sea m\u00e1s variada.<\/p>\n\n\n\n<p>De hecho cuando el ni\u00f1o cumple un a\u00f1o come pr\u00e1cticamente de todo (leche, productos l\u00e1cteos, carnes, pescados, huevos, frutas, verduras, pan y cereales). En esta edad al ni\u00f1o le gusta jugar con la comida y comer con los dedos.<\/p>\n\n\n\n<p>A medida que pasa el segundo a\u00f1o, va adquiriendo habilidades como coger la cuchara, por lo tanto, debemos &nbsp;permitir que coma solo.<\/p>\n\n\n\n<p>Al principio no lo har\u00e1 del todo bien y seguramente tirar\u00e1 m\u00e1s comida de lo que es capaz de introducirse en la boca, aun as\u00ed, hacia los quince meses, muchos ni\u00f1os son capaces, si les ense\u00f1amos, de comer solos sin ning\u00fan tipo de dificultad. As\u00ed el ni\u00f1o pasara de comer con la ayuda de un adulto a empezar a utilizar los cubiertos solo.<\/p>\n\n\n\n<p>Algunos de los h\u00e1bitos alimentarios son:<\/p>\n\n\n\n<p>&#8211; Masticar bien los alimentos, sin prisas.<\/p>\n\n\n\n<p>&#8211; Saber estar en la mesa sin jugar ni ser grosero.<\/p>\n\n\n\n<p>&#8211; Pedir la cantidad que se comer\u00e1, no se debe jugar con los alimentos.<\/p>\n\n\n\n<p>&#8211; Respetar las horas de las comidas y no comer entre horas.<\/p>\n\n\n\n<p>&#8211; Valorar la importancia de una alimentaci\u00f3n sana, equilibrada y variada. Fomentando que se coman todo sin llegar a obligarlos y estimularlos a probar platos desconocidos.<\/p>\n\n\n\n<p>&#8211; Beber agua durante el d\u00eda, aproximadamente un litro y medio.<\/p>\n\n\n\n<p>&#8211; Animarlos a que el desayuno sea el m\u00e1s sano posible, evitando productos de boller\u00eda industrial. Debemos inculcarles que es mejor seguir una dieta sana y natural.<\/p>\n\n\n\n<p>A continuaci\u00f3n os mencionamos uno de los m\u00e9todos de alimentaci\u00f3n que tambi\u00e9n podemos hacer a la TIC- TAC:<\/p>\n\n\n\n<p><strong><span class=\"has-inline-color has-vivid-red-color\"><strong>El m\u00e9todo<\/strong>\u201cThe baby led weaning\u201d<\/span><\/strong><\/p>\n\n\n\n<p>Aqu\u00ed os hacemos una peque\u00f1a menci\u00f3n de las reglas a seguir para empezar la alimentaci\u00f3n complementaria con s\u00f3lidos para bebes:<\/p>\n\n\n\n<p>&#8211; El ni\u00f1o ha de ser el encargado de gestionar su proceso de alimentaci\u00f3n y los adultos solo los facilitadores.<\/p>\n\n\n\n<p>&#8211; El beb\u00e9 tiene que mantenerse sentado sin ayuda.<\/p>\n\n\n\n<p>&#8211; Le tenemos que ofrecer la comida al ni\u00f1o sin obligarlo a comer.<\/p>\n\n\n\n<p>&#8211; Intentamos comer todos juntos y no dejarlo solo.<\/p>\n\n\n\n<p>&#8211; Primero ofrecemos la leche materna y despu\u00e9s la comida.<\/p>\n\n\n\n<p>&#8211; Es necesario que el adulto conozca la maniobra de Heimlich para beb\u00e9s.<\/p>\n\n\n\n<p>&#8211; Poco a poco le ofrecemos diferentes alimentos vigilando las posibles alergias.<\/p>\n\n\n\n<p>&#8211; Al principio es importante no mezclar la introducci\u00f3n de alimentos s\u00f3lidos con los triturados.<\/p>\n\n\n\n<p>&#8211; Es importante no distraer al ni\u00f1o durante las comidas.<\/p>\n\n\n\n<p>Para m\u00e1s informaci\u00f3n os anotamos algunos libros que os pueden ayudar:<\/p>\n\n\n\n<p><strong>Se me hace bola (Julio Basulto)<\/strong><\/p>\n\n\n\n<p><strong>Mi ni\u00f1o no me come ( Carlos Gonz\u00e0lez)<\/strong><\/p>\n\n\n\n<p><strong>Aprender a comer solo ( L\u00eddia Folgar)<\/strong><\/p>\n\n\n\n<p><strong>Sin diendtes y a bocados ( Juan Llorca)<\/strong><\/p>\n\n\n\n<p><strong>Mis recetas adaptades a Baby Led Weaning (Adriana Palazon)<\/strong><\/p>\n","protected":false},"excerpt":{"rendered":"<p>Siguiendo con la preocupaci\u00f3n por una alimentaci\u00f3n optima de peque\u00f1os, contamos con cocina propia en la guarder\u00eda, de esta manera aseguramos que toda la comida se elabora cada d\u00eda con productos frescos y cumpliendo con todas las normas de seguridad alimentaria. Nuestra pol\u00edtica de sostenibilidad nos lleva a utilizar exclusivamente frutas y verduras de temporada [&hellip;]<\/p>\n","protected":false},"author":1,"featured_media":0,"parent":48,"menu_order":34,"comment_status":"closed","ping_status":"closed","template":"","meta":{"footnotes":""},"_links":{"self":[{"href":"https:\/\/llardinfantstictac.com\/index.php?rest_route=\/wp\/v2\/pages\/105"}],"collection":[{"href":"https:\/\/llardinfantstictac.com\/index.php?rest_route=\/wp\/v2\/pages"}],"about":[{"href":"https:\/\/llardinfantstictac.com\/index.php?rest_route=\/wp\/v2\/types\/page"}],"author":[{"embeddable":true,"href":"https:\/\/llardinfantstictac.com\/index.php?rest_route=\/wp\/v2\/users\/1"}],"replies":[{"embeddable":true,"href":"https:\/\/llardinfantstictac.com\/index.php?rest_route=%2Fwp%2Fv2%2Fcomments&post=105"}],"version-history":[{"count":4,"href":"https:\/\/llardinfantstictac.com\/index.php?rest_route=\/wp\/v2\/pages\/105\/revisions"}],"predecessor-version":[{"id":573,"href":"https:\/\/llardinfantstictac.com\/index.php?rest_route=\/wp\/v2\/pages\/105\/revisions\/573"}],"up":[{"embeddable":true,"href":"https:\/\/llardinfantstictac.com\/index.php?rest_route=\/wp\/v2\/pages\/48"}],"wp:attachment":[{"href":"https:\/\/llardinfantstictac.com\/index.php?rest_route=%2Fwp%2Fv2%2Fmedia&parent=105"}],"curies":[{"name":"wp","href":"https:\/\/api.w.org\/{rel}","templated":true}]}}